{"id":71,"date":"2023-04-09T17:14:08","date_gmt":"2023-04-09T14:14:08","guid":{"rendered":"https:\/\/onurunlu.com.tr\/?page_id=71"},"modified":"2023-04-09T17:14:08","modified_gmt":"2023-04-09T14:14:08","slug":"hakkimda","status":"publish","type":"page","link":"https:\/\/onurunlu.com.tr\/?page_id=71","title":{"rendered":"Hakk\u0131mda"},"content":{"rendered":"\r\n<p>Selam,<\/p>\r\n<p>ben Onur. 1981 \u0130stanbul do\u011fumluyum. Yeditepe \u00dcniversitesi \u0130\u00e7 Mimarl\u0131k b\u00f6l\u00fcm\u00fc mezunuyum. Yani bir bak\u0131ma mektepli i\u00e7mimar, alayl\u0131 veri merkezi ve internet sevdal\u0131s\u0131y\u0131m.<\/p>\r\n<p>Daha 18l&#8217;i ya\u015flar\u0131mdan itibaren sevdi\u011fim i\u015fi yapmak ad\u0131na bir\u00e7ok at\u0131l\u0131m\u0131m oldu. \u00dcniversite mezuniyeti sonras\u0131nda ise mesle\u011fim ile g\u00f6n\u00fcl verdi\u011fim i\u015fi biraraya getirip Nics&#8217; i kurdum. Nics ile T\u00fcrkiye genelinde bir\u00e7ok veri merkezinin s\u0131f\u0131rdan yap\u0131m\u0131 ve yenilenmesi projelerini \u00fcstlendim.<\/p>\r\n<p><iframe loading=\"lazy\" title=\"NICS - AYDEM ELEKTRIK VERI MERKEZI\" width=\"640\" height=\"360\" src=\"https:\/\/www.youtube.com\/embed\/ogblKGQgzCE?feature=oembed\" frameborder=\"0\" allow=\"accelerometer; autoplay; clipboard-write; encrypted-media; gyroscope; picture-in-picture; web-share\" referrerpolicy=\"strict-origin-when-cross-origin\" allowfullscreen><\/iframe><\/p>\r\n<p>2016 y\u0131l\u0131nda d\u00fcnyadaki en asil kad\u0131na evlenme teklifi ettim. Ger\u00e7i laf aram\u0131zda o da beni bekliyormu\u015f \ud83d\ude09<\/p>\r\n<p>2018 y\u0131l\u0131nda ise d\u00fcnyan\u0131n en g\u00fczel ve en Nazl\u0131 k\u0131z\u0131 Ay\u015fe Naz&#8217; a sahip oldum.<\/p>\r\n<p>2015 de Nics ile ba\u015flad\u0131\u011f\u0131m veri merkezi yap\u0131m maceras\u0131n\u0131n yan\u0131na 2019 da BTK &#8216; dan ( Bilgi Teknolojileri Kurumu ) \u0130nternet servis Sa\u011flay\u0131c\u0131, Sabit Telefon Operat\u00f6rl\u00fc\u011f\u00fc ve Altyap\u0131 \u0130\u015fletmecili\u011fi Lisanslar\u0131 ald\u0131\u011f\u0131m\u0131z firmam Netbone ile farkl\u0131 bir y\u00f6n verdik ve\u00a0 Constructor \u00fcnvan\u0131n\u0131n yan\u0131na Telco Operatorl\u00fck ekledim.<\/p>\r\n<p>San\u0131r\u0131m T\u00fcrkiye \u015fartlar\u0131nda sevdi\u011fi i\u015fi yapabilen \u015fansl\u0131 az\u0131nl\u0131k dan biriyim.\u00a0<\/p>\r\n","protected":false},"excerpt":{"rendered":"<p>Selam, ben Onur. 1981 \u0130stanbul do\u011fumluyum. Yeditepe \u00dcniversitesi \u0130\u00e7 Mimarl\u0131k<\/p>\n","protected":false},"author":1,"featured_media":0,"parent":0,"menu_order":0,"comment_status":"closed","ping_status":"closed","template":"","meta":{"footnotes":""},"class_list":["post-71","page","type-page","status-publish","hentry"],"_links":{"self":[{"href":"https:\/\/onurunlu.com.tr\/index.php?rest_route=\/wp\/v2\/pages\/71","targetHints":{"allow":["GET"]}}],"collection":[{"href":"https:\/\/onurunlu.com.tr\/index.php?rest_route=\/wp\/v2\/pages"}],"about":[{"href":"https:\/\/onurunlu.com.tr\/index.php?rest_route=\/wp\/v2\/types\/page"}],"author":[{"embeddable":true,"href":"https:\/\/onurunlu.com.tr\/index.php?rest_route=\/wp\/v2\/users\/1"}],"replies":[{"embeddable":true,"href":"https:\/\/onurunlu.com.tr\/index.php?rest_route=%2Fwp%2Fv2%2Fcomments&post=71"}],"version-history":[{"count":1,"href":"https:\/\/onurunlu.com.tr\/index.php?rest_route=\/wp\/v2\/pages\/71\/revisions"}],"predecessor-version":[{"id":72,"href":"https:\/\/onurunlu.com.tr\/index.php?rest_route=\/wp\/v2\/pages\/71\/revisions\/72"}],"wp:attachment":[{"href":"https:\/\/onurunlu.com.tr\/index.php?rest_route=%2Fwp%2Fv2%2Fmedia&parent=71"}],"curies":[{"name":"wp","href":"https:\/\/api.w.org\/{rel}","templated":true}]}}